{"id":2252,"date":"2023-03-30T10:08:14","date_gmt":"2023-03-30T10:08:14","guid":{"rendered":"https:\/\/tbmce.um.si\/conference-fees-2\/"},"modified":"2026-04-24T06:58:35","modified_gmt":"2026-04-24T06:58:35","slug":"conference-fees-2","status":"publish","type":"page","link":"https:\/\/tbmce.um.si\/sl\/conference-fees-2\/","title":{"rendered":"Registracija"},"content":{"rendered":"<div class=\"fusion-fullwidth fullwidth-box fusion-builder-row-1 fusion-flex-container has-pattern-background has-mask-background nonhundred-percent-fullwidth non-hundred-percent-height-scrolling\" style=\"--awb-border-radius-top-left:0px;--awb-border-radius-top-right:0px;--awb-border-radius-bottom-right:0px;--awb-border-radius-bottom-left:0px;\" ><div class=\"fusion-builder-row fusion-row fusion-flex-align-items-flex-start\" style=\"max-width:1248px;margin-left: calc(-4% \/ 2 );margin-right: calc(-4% \/ 2 );\"><div class=\"fusion-layout-column fusion_builder_column fusion-builder-column-0 fusion_builder_column_2_3 2_3 fusion-flex-column\" style=\"--awb-bg-size:cover;--awb-width-large:66.666666666667%;--awb-margin-top-large:0px;--awb-spacing-right-large:2.88%;--awb-margin-bottom-large:20px;--awb-spacing-left-large:2.88%;--awb-width-medium:66.666666666667%;--awb-order-medium:0;--awb-spacing-right-medium:2.88%;--awb-spacing-left-medium:2.88%;--awb-width-small:100%;--awb-order-small:0;--awb-spacing-right-small:1.92%;--awb-spacing-left-small:1.92%;\"><div class=\"fusion-column-wrapper fusion-column-has-shadow fusion-flex-justify-content-flex-start fusion-content-layout-column\"><div class=\"fusion-text fusion-text-1\"><h3>Registracija<\/h3>\n<p>Registracija na TBMCE 2026 je mo\u017ena le preko spletnega obrazca za registracijo.<\/p>\n<p><div class=\"fusion-separator fusion-full-width-sep\" style=\"align-self: center;margin-left: auto;margin-right: auto;width:100%;\"><div class=\"fusion-separator-border sep-double\" style=\"--awb-height:20px;--awb-amount:20px;border-color:var(--awb-color3);border-top-width:1px;border-bottom-width:1px;\"><\/div><\/div>\n\n<div class=\"fusion-button-wrapper\"><a class=\"fusion-button button-flat fusion-button-default-size button-default fusion-button-default button-1 fusion-button-default-span fusion-button-default-type\" target=\"_blank\" rel=\"noopener noreferrer\" href=\"https:\/\/forms.office.com\/e\/UczgvVkBpy\"><i class=\"fa-arrow-right fas button-icon-left\" aria-hidden=\"true\"><\/i><span class=\"fusion-button-text\">Registracija<\/span><\/a><\/div>\n\n<\/p>\n<\/div><div class=\"fusion-separator fusion-full-width-sep\" style=\"align-self: center;margin-left: auto;margin-right: auto;margin-top:30px;margin-bottom:30px;width:100%;\"><div class=\"fusion-separator-border sep-double\" style=\"--awb-height:20px;--awb-amount:20px;border-color:var(--awb-color3);border-top-width:1px;border-bottom-width:1px;\"><\/div><\/div><div class=\"fusion-text fusion-text-2\"><h3>Avtorji\/predstavitelji prispevkov<\/h3>\n<ul>\n<li><strong>470,00 EUR<\/strong> (brez DDV) \u2013 vklju\u010duje uvodno ve\u010derjo v sredo, kosilo v sredo in \u010detrtek,\u00a0 gala ve\u010derjo v \u010detrtek in odmore s kavo<\/li>\n<\/ul>\n<h3>Popusti za \u010dlane SRIP-Kro\u017eno gospodarstvo<\/h3>\n<ul>\n<li><strong>0,00 EUR<\/strong> \u2013 samo za \u010dlane SRIP Kro\u017eno gospodarstvo, ki so govorci v panelih\u00a0 (ne vklju\u010duje gala ve\u010derje)<\/li>\n<li><strong>270,00 EUR<\/strong> (brez DDV) \u2013 za \u010dlane SRIP Kro\u017eno gospodarstvo, ki niso govorci v panelih (ne vklju\u010duje gala ve\u010derje)<\/li>\n<\/ul>\n<h3>Ostali udele\u017eenci<\/h3>\n<ul>\n<li><strong>270,00 EUR<\/strong> (brez DDV) (ne vklju\u010duje gala ve\u010derje)<\/li>\n<li><strong>0,00 EUR<\/strong> \u2013 posebno vabilo organizatorja<\/li>\n<\/ul>\n<h3>Drugo<\/h3>\n<ul>\n<li><strong>60,00 EUR<\/strong> (brez DDV)\u2013 dopla\u010dilo za gala ve\u010derjo<\/li>\n<li><strong>30,00 EUR<\/strong> (brez DDV) &#8211; dopla\u010dilo za kosilo<\/li>\n<\/ul>\n<\/div><\/div><\/div><div class=\"fusion-layout-column fusion_builder_column fusion-builder-column-1 fusion_builder_column_1_3 1_3 fusion-flex-column\" style=\"--awb-bg-size:cover;--awb-width-large:33.333333333333%;--awb-margin-top-large:0px;--awb-spacing-right-large:5.76%;--awb-margin-bottom-large:20px;--awb-spacing-left-large:5.76%;--awb-width-medium:33.333333333333%;--awb-order-medium:0;--awb-spacing-right-medium:5.76%;--awb-spacing-left-medium:5.76%;--awb-width-small:100%;--awb-order-small:0;--awb-spacing-right-small:1.92%;--awb-spacing-left-small:1.92%;\"><div class=\"fusion-column-wrapper fusion-column-has-shadow fusion-flex-justify-content-flex-start fusion-content-layout-column\"><\/div><\/div><\/div><\/div>\n","protected":false},"excerpt":{"rendered":"","protected":false},"author":1,"featured_media":0,"parent":0,"menu_order":0,"comment_status":"closed","ping_status":"closed","template":"","meta":{"_acf_changed":false,"inline_featured_image":false,"footnotes":""},"class_list":["post-2252","page","type-page","status-publish","hentry"],"acf":[],"yoast_head":"<!-- This site is optimized with the Yoast SEO plugin v27.4 - https:\/\/yoast.com\/product\/yoast-seo-wordpress\/ -->\n<title>Registracija - TBMCE 2026<\/title>\n<meta name=\"robots\" content=\"noindex, nofollow\" \/>\n<meta property=\"og:locale\" content=\"sl_SI\" \/>\n<meta property=\"og:type\" content=\"article\" \/>\n<meta property=\"og:title\" content=\"Registracija - TBMCE 2026\" \/>\n<meta property=\"og:url\" content=\"https:\/\/tbmce.um.si\/sl\/conference-fees-2\/\" \/>\n<meta property=\"og:site_name\" content=\"TBMCE 2026\" \/>\n<meta property=\"article:modified_time\" content=\"2026-04-24T06:58:35+00:00\" \/>\n<meta name=\"twitter:card\" content=\"summary_large_image\" \/>\n<meta name=\"twitter:label1\" content=\"Est. reading time\" \/>\n\t<meta name=\"twitter:data1\" content=\"3 minute\" \/>\n<script type=\"application\/ld+json\" class=\"yoast-schema-graph\">{\"@context\":\"https:\\\/\\\/schema.org\",\"@graph\":[{\"@type\":\"WebPage\",\"@id\":\"https:\\\/\\\/tbmce.um.si\\\/sl\\\/conference-fees-2\\\/\",\"url\":\"https:\\\/\\\/tbmce.um.si\\\/sl\\\/conference-fees-2\\\/\",\"name\":\"Registracija - TBMCE 2026\",\"isPartOf\":{\"@id\":\"https:\\\/\\\/tbmce.um.si\\\/sl\\\/#website\"},\"datePublished\":\"2023-03-30T10:08:14+00:00\",\"dateModified\":\"2026-04-24T06:58:35+00:00\",\"breadcrumb\":{\"@id\":\"https:\\\/\\\/tbmce.um.si\\\/sl\\\/conference-fees-2\\\/#breadcrumb\"},\"inLanguage\":\"sl-SI\",\"potentialAction\":[{\"@type\":\"ReadAction\",\"target\":[\"https:\\\/\\\/tbmce.um.si\\\/sl\\\/conference-fees-2\\\/\"]}]},{\"@type\":\"BreadcrumbList\",\"@id\":\"https:\\\/\\\/tbmce.um.si\\\/sl\\\/conference-fees-2\\\/#breadcrumb\",\"itemListElement\":[{\"@type\":\"ListItem\",\"position\":1,\"name\":\"Home\",\"item\":\"https:\\\/\\\/tbmce.um.si\\\/sl\\\/\"},{\"@type\":\"ListItem\",\"position\":2,\"name\":\"Registracija\"}]},{\"@type\":\"WebSite\",\"@id\":\"https:\\\/\\\/tbmce.um.si\\\/sl\\\/#website\",\"url\":\"https:\\\/\\\/tbmce.um.si\\\/sl\\\/\",\"name\":\"TBMCE 2026\",\"description\":\"Tehnologije in poslovni modeli za kro\u017eno gospodarstvo | Technologies and Business Models for Circular Economy\",\"publisher\":{\"@id\":\"https:\\\/\\\/tbmce.um.si\\\/sl\\\/#organization\"},\"potentialAction\":[{\"@type\":\"SearchAction\",\"target\":{\"@type\":\"EntryPoint\",\"urlTemplate\":\"https:\\\/\\\/tbmce.um.si\\\/sl\\\/?s={search_term_string}\"},\"query-input\":{\"@type\":\"PropertyValueSpecification\",\"valueRequired\":true,\"valueName\":\"search_term_string\"}}],\"inLanguage\":\"sl-SI\"},{\"@type\":\"Organization\",\"@id\":\"https:\\\/\\\/tbmce.um.si\\\/sl\\\/#organization\",\"name\":\"TBMCE 2026\",\"url\":\"https:\\\/\\\/tbmce.um.si\\\/sl\\\/\",\"logo\":{\"@type\":\"ImageObject\",\"inLanguage\":\"sl-SI\",\"@id\":\"https:\\\/\\\/tbmce.um.si\\\/sl\\\/#\\\/schema\\\/logo\\\/image\\\/\",\"url\":\"https:\\\/\\\/tbmce.um.si\\\/wp-content\\\/uploads\\\/2026\\\/02\\\/TBMCE_Color.svg\",\"contentUrl\":\"https:\\\/\\\/tbmce.um.si\\\/wp-content\\\/uploads\\\/2026\\\/02\\\/TBMCE_Color.svg\",\"width\":\"1024\",\"height\":\"1024\",\"caption\":\"TBMCE 2026\"},\"image\":{\"@id\":\"https:\\\/\\\/tbmce.um.si\\\/sl\\\/#\\\/schema\\\/logo\\\/image\\\/\"}}]}<\/script>\n<!-- \/ Yoast SEO plugin. -->","yoast_head_json":{"title":"Registracija - TBMCE 2026","robots":{"index":"noindex","follow":"nofollow"},"og_locale":"sl_SI","og_type":"article","og_title":"Registracija - TBMCE 2026","og_url":"https:\/\/tbmce.um.si\/sl\/conference-fees-2\/","og_site_name":"TBMCE 2026","article_modified_time":"2026-04-24T06:58:35+00:00","twitter_card":"summary_large_image","twitter_misc":{"Est. reading time":"3 minute"},"schema":{"@context":"https:\/\/schema.org","@graph":[{"@type":"WebPage","@id":"https:\/\/tbmce.um.si\/sl\/conference-fees-2\/","url":"https:\/\/tbmce.um.si\/sl\/conference-fees-2\/","name":"Registracija - TBMCE 2026","isPartOf":{"@id":"https:\/\/tbmce.um.si\/sl\/#website"},"datePublished":"2023-03-30T10:08:14+00:00","dateModified":"2026-04-24T06:58:35+00:00","breadcrumb":{"@id":"https:\/\/tbmce.um.si\/sl\/conference-fees-2\/#breadcrumb"},"inLanguage":"sl-SI","potentialAction":[{"@type":"ReadAction","target":["https:\/\/tbmce.um.si\/sl\/conference-fees-2\/"]}]},{"@type":"BreadcrumbList","@id":"https:\/\/tbmce.um.si\/sl\/conference-fees-2\/#breadcrumb","itemListElement":[{"@type":"ListItem","position":1,"name":"Home","item":"https:\/\/tbmce.um.si\/sl\/"},{"@type":"ListItem","position":2,"name":"Registracija"}]},{"@type":"WebSite","@id":"https:\/\/tbmce.um.si\/sl\/#website","url":"https:\/\/tbmce.um.si\/sl\/","name":"TBMCE 2026","description":"Tehnologije in poslovni modeli za kro\u017eno gospodarstvo | Technologies and Business Models for Circular Economy","publisher":{"@id":"https:\/\/tbmce.um.si\/sl\/#organization"},"potentialAction":[{"@type":"SearchAction","target":{"@type":"EntryPoint","urlTemplate":"https:\/\/tbmce.um.si\/sl\/?s={search_term_string}"},"query-input":{"@type":"PropertyValueSpecification","valueRequired":true,"valueName":"search_term_string"}}],"inLanguage":"sl-SI"},{"@type":"Organization","@id":"https:\/\/tbmce.um.si\/sl\/#organization","name":"TBMCE 2026","url":"https:\/\/tbmce.um.si\/sl\/","logo":{"@type":"ImageObject","inLanguage":"sl-SI","@id":"https:\/\/tbmce.um.si\/sl\/#\/schema\/logo\/image\/","url":"https:\/\/tbmce.um.si\/wp-content\/uploads\/2026\/02\/TBMCE_Color.svg","contentUrl":"https:\/\/tbmce.um.si\/wp-content\/uploads\/2026\/02\/TBMCE_Color.svg","width":"1024","height":"1024","caption":"TBMCE 2026"},"image":{"@id":"https:\/\/tbmce.um.si\/sl\/#\/schema\/logo\/image\/"}}]}},"_links":{"self":[{"href":"https:\/\/tbmce.um.si\/sl\/wp-json\/wp\/v2\/pages\/2252","targetHints":{"allow":["GET"]}}],"collection":[{"href":"https:\/\/tbmce.um.si\/sl\/wp-json\/wp\/v2\/pages"}],"about":[{"href":"https:\/\/tbmce.um.si\/sl\/wp-json\/wp\/v2\/types\/page"}],"author":[{"embeddable":true,"href":"https:\/\/tbmce.um.si\/sl\/wp-json\/wp\/v2\/users\/1"}],"replies":[{"embeddable":true,"href":"https:\/\/tbmce.um.si\/sl\/wp-json\/wp\/v2\/comments?post=2252"}],"version-history":[{"count":22,"href":"https:\/\/tbmce.um.si\/sl\/wp-json\/wp\/v2\/pages\/2252\/revisions"}],"predecessor-version":[{"id":3363,"href":"https:\/\/tbmce.um.si\/sl\/wp-json\/wp\/v2\/pages\/2252\/revisions\/3363"}],"wp:attachment":[{"href":"https:\/\/tbmce.um.si\/sl\/wp-json\/wp\/v2\/media?parent=2252"}],"curies":[{"name":"wp","href":"https:\/\/api.w.org\/{rel}","templated":true}]}}