{"id":2235,"date":"2023-03-29T07:11:27","date_gmt":"2023-03-29T07:11:27","guid":{"rendered":"https:\/\/tbmce.um.si\/abstract-submission\/"},"modified":"2026-02-26T09:13:01","modified_gmt":"2026-02-26T09:13:01","slug":"abstract-submission","status":"publish","type":"page","link":"https:\/\/tbmce.um.si\/sl\/abstract-submission\/","title":{"rendered":"Oddaja povzetkov"},"content":{"rendered":"<p><div class=\"fusion-fullwidth fullwidth-box fusion-builder-row-1 fusion-flex-container has-pattern-background has-mask-background nonhundred-percent-fullwidth non-hundred-percent-height-scrolling\" style=\"--awb-border-radius-top-left:0px;--awb-border-radius-top-right:0px;--awb-border-radius-bottom-right:0px;--awb-border-radius-bottom-left:0px;\" ><div class=\"fusion-builder-row fusion-row fusion-flex-align-items-flex-start\" style=\"max-width:1248px;margin-left: calc(-4% \/ 2 );margin-right: calc(-4% \/ 2 );\"><div class=\"fusion-layout-column fusion_builder_column fusion-builder-column-0 fusion_builder_column_2_3 2_3 fusion-flex-column\" style=\"--awb-bg-size:cover;--awb-width-large:66.666666666667%;--awb-margin-top-large:0px;--awb-spacing-right-large:2.88%;--awb-margin-bottom-large:20px;--awb-spacing-left-large:2.88%;--awb-width-medium:66.666666666667%;--awb-order-medium:0;--awb-spacing-right-medium:2.88%;--awb-spacing-left-medium:2.88%;--awb-width-small:100%;--awb-order-small:0;--awb-spacing-right-small:1.92%;--awb-spacing-left-small:1.92%;\"><div class=\"fusion-column-wrapper fusion-column-has-shadow fusion-flex-justify-content-flex-start fusion-content-layout-column\"><div class=\"fusion-text fusion-text-1\"><p>Prosimo vas, da pripravite povzetek v skladu s predlogo. Povzetke sprejemamo od <strong>2\/3\/2026<\/strong>.<\/p>\n<p><span class=\"jCAhz ChMk0b\"><span class=\"ryNqvb\">Povzetek mora vsebovati naslov, seznam avtorjev in njihovih afiliacij, klju\u010dne besede, besedilo povzetka in seznam literature.<\/span><\/span> <span class=\"jCAhz ChMk0b\"><span class=\"ryNqvb\">Povzetek je <\/span><\/span><span class=\"jCAhz ChMk0b\"><span class=\"ryNqvb\"> okno javnosti v va\u0161e delo in mora recenzentom omogo\u010diti, da sprejmejo ustrezno odlo\u010ditev o njegovem sprejetju.<\/span><\/span> <span class=\"jCAhz ChMk0b\"><span class=\"ryNqvb\">Pri pisanju povzetka bodite kvantitativni, napi\u0161ite ga jasno in v dobri angle\u0161\u010dini.<\/span><\/span><\/p>\n<p><span class=\"jCAhz ChMk0b\"><span class=\"ryNqvb\">Tipi\u010dna sestava povzetka je:<\/span><\/span><\/p>\n<ul>\n<li><em><span class=\"jCAhz ChMk0b\"><span class=\"ryNqvb\">Motivacija za prispevek<\/span><\/span><\/em><\/li>\n<li><em><span class=\"jCAhz ChMk0b\"><span class=\"ryNqvb\">Cilji<\/span><\/span><\/em><\/li>\n<li><em><span class=\"jCAhz ChMk0b\"><span class=\"ryNqvb\">Kaj in kako je bilo narejeno<\/span><\/span><\/em><\/li>\n<li><em><span class=\"jCAhz ChMk0b\"><span class=\"ryNqvb\">Glavni rezultati<\/span><\/span><\/em><\/li>\n<li><em><span class=\"jCAhz ChMk0b\"><span class=\"ryNqvb\">Zaklju\u010dki<\/span><\/span><\/em><\/li>\n<li><em><span class=\"jCAhz ChMk0b\"><span class=\"ryNqvb\">Klju\u010dne besede<\/span><\/span><\/em><\/li>\n<\/ul>\n<p><span class=\"jCAhz ChMk0b\"><span class=\"ryNqvb\">Glavno besedilo povzetka (telo) je omejeno na 500 besed.<\/span><\/span><\/p>\n<\/div><\/div><\/div><div class=\"fusion-layout-column fusion_builder_column fusion-builder-column-1 fusion_builder_column_1_3 1_3 fusion-flex-column\" style=\"--awb-bg-size:cover;--awb-width-large:33.333333333333%;--awb-margin-top-large:0px;--awb-spacing-right-large:5.76%;--awb-margin-bottom-large:20px;--awb-spacing-left-large:5.76%;--awb-width-medium:33.333333333333%;--awb-order-medium:0;--awb-spacing-right-medium:5.76%;--awb-spacing-left-medium:5.76%;--awb-width-small:100%;--awb-order-small:0;--awb-spacing-right-small:1.92%;--awb-spacing-left-small:1.92%;\"><div class=\"fusion-column-wrapper fusion-column-has-shadow fusion-flex-justify-content-flex-start fusion-content-layout-column\"><div ><a class=\"fusion-button button-flat fusion-button-default-size button-custom fusion-button-default button-1 fusion-button-default-span fusion-button-default-type\" style=\"--button_accent_color:var(--awb-color1);--button_accent_hover_color:var(--awb-color1);--button_border_hover_color:var(--awb-color1);--button_gradient_top_color:var(--awb-custom_color_1);--button_gradient_bottom_color:var(--awb-custom_color_1);--button_gradient_top_color_hover:hsla(var(--awb-color5-h),calc(var(--awb-color5-s) - 5%),calc(var(--awb-color5-l) - 10%),var(--awb-color5-a));--button_gradient_bottom_color_hover:hsla(var(--awb-color5-h),calc(var(--awb-color5-s) - 5%),calc(var(--awb-color5-l) - 10%),var(--awb-color5-a));\" target=\"_self\" href=\"https:\/\/tbmce.um.si\/wp-content\/uploads\/2026\/02\/TBMCE_2026_Template_Abstract.zip\"><i class=\"fa-cloud-download-alt fas button-icon-left\" aria-hidden=\"true\"><\/i><span class=\"fusion-button-text\">Prenesi predlogo<\/span><\/a><\/div><\/div><\/div><\/div><\/div><div class=\"fusion-fullwidth fullwidth-box fusion-builder-row-2 fusion-flex-container has-pattern-background has-mask-background nonhundred-percent-fullwidth non-hundred-percent-height-scrolling\" style=\"--awb-border-radius-top-left:0px;--awb-border-radius-top-right:0px;--awb-border-radius-bottom-right:0px;--awb-border-radius-bottom-left:0px;\" ><div class=\"fusion-builder-row fusion-row fusion-flex-align-items-flex-start\" style=\"max-width:1248px;margin-left: calc(-4% \/ 2 );margin-right: calc(-4% \/ 2 );\"><div class=\"fusion-layout-column fusion_builder_column fusion-builder-column-2 fusion_builder_column_1_3 1_3 fusion-flex-column\" style=\"--awb-bg-size:cover;--awb-width-large:33.333333333333%;--awb-margin-top-large:0px;--awb-spacing-right-large:5.76%;--awb-margin-bottom-large:20px;--awb-spacing-left-large:5.76%;--awb-width-medium:33.333333333333%;--awb-order-medium:0;--awb-spacing-right-medium:5.76%;--awb-spacing-left-medium:5.76%;--awb-width-small:100%;--awb-order-small:0;--awb-spacing-right-small:1.92%;--awb-spacing-left-small:1.92%;\"><div class=\"fusion-column-wrapper fusion-column-has-shadow fusion-flex-justify-content-flex-start fusion-content-layout-column\"><div ><a class=\"fusion-button button-flat fusion-button-default-size button-custom fusion-button-default button-2 fusion-button-default-span fusion-button-default-type\" style=\"--button_accent_color:var(--awb-color1);--button_accent_hover_color:var(--awb-color1);--button_border_hover_color:var(--awb-color1);--button_gradient_top_color:var(--awb-custom_color_1);--button_gradient_bottom_color:var(--awb-custom_color_1);--button_gradient_top_color_hover:hsla(var(--awb-color5-h),calc(var(--awb-color5-s) - 5%),calc(var(--awb-color5-l) - 10%),var(--awb-color5-a));--button_gradient_bottom_color_hover:hsla(var(--awb-color5-h),calc(var(--awb-color5-s) - 5%),calc(var(--awb-color5-l) - 10%),var(--awb-color5-a));\" target=\"_self\" href=\"https:\/\/docs.google.com\/forms\/d\/e\/1FAIpQLSfZCSDV-KZ2IzwnBaX5Wn74RQOovhKTlanL666lleANEtcIiQ\/viewform?usp=publish-editor\"><i class=\"fa-cloud-download-alt fas button-icon-left\" aria-hidden=\"true\"><\/i><span class=\"fusion-button-text\">Nalo\u017ei povzetek<\/span><\/a><\/div><\/div><\/div><\/div><\/div><\/p>\n","protected":false},"excerpt":{"rendered":"","protected":false},"author":1,"featured_media":0,"parent":0,"menu_order":0,"comment_status":"closed","ping_status":"closed","template":"","meta":{"_acf_changed":false,"inline_featured_image":false,"footnotes":""},"class_list":["post-2235","page","type-page","status-publish","hentry"],"acf":[],"yoast_head":"<!-- This site is optimized with the Yoast SEO plugin v26.9 - https:\/\/yoast.com\/product\/yoast-seo-wordpress\/ -->\n<title>Oddaja povzetkov - TBMCE 2026<\/title>\n<meta name=\"robots\" content=\"noindex, nofollow\" \/>\n<meta property=\"og:locale\" content=\"sl_SI\" \/>\n<meta property=\"og:type\" content=\"article\" \/>\n<meta property=\"og:title\" content=\"Oddaja povzetkov - TBMCE 2026\" \/>\n<meta property=\"og:url\" content=\"https:\/\/tbmce.um.si\/sl\/abstract-submission\/\" \/>\n<meta property=\"og:site_name\" content=\"TBMCE 2026\" \/>\n<meta property=\"article:modified_time\" content=\"2026-02-26T09:13:01+00:00\" \/>\n<meta name=\"twitter:card\" content=\"summary_large_image\" \/>\n<meta name=\"twitter:label1\" content=\"Est. reading time\" \/>\n\t<meta name=\"twitter:data1\" content=\"4 minute\" \/>\n<script type=\"application\/ld+json\" class=\"yoast-schema-graph\">{\"@context\":\"https:\/\/schema.org\",\"@graph\":[{\"@type\":\"WebPage\",\"@id\":\"https:\/\/tbmce.um.si\/sl\/abstract-submission\/\",\"url\":\"https:\/\/tbmce.um.si\/sl\/abstract-submission\/\",\"name\":\"Oddaja povzetkov - TBMCE 2026\",\"isPartOf\":{\"@id\":\"https:\/\/tbmce.um.si\/sl\/#website\"},\"datePublished\":\"2023-03-29T07:11:27+00:00\",\"dateModified\":\"2026-02-26T09:13:01+00:00\",\"breadcrumb\":{\"@id\":\"https:\/\/tbmce.um.si\/sl\/abstract-submission\/#breadcrumb\"},\"inLanguage\":\"sl-SI\",\"potentialAction\":[{\"@type\":\"ReadAction\",\"target\":[\"https:\/\/tbmce.um.si\/sl\/abstract-submission\/\"]}]},{\"@type\":\"BreadcrumbList\",\"@id\":\"https:\/\/tbmce.um.si\/sl\/abstract-submission\/#breadcrumb\",\"itemListElement\":[{\"@type\":\"ListItem\",\"position\":1,\"name\":\"Home\",\"item\":\"https:\/\/tbmce.um.si\/sl\/\"},{\"@type\":\"ListItem\",\"position\":2,\"name\":\"Oddaja povzetkov\"}]},{\"@type\":\"WebSite\",\"@id\":\"https:\/\/tbmce.um.si\/sl\/#website\",\"url\":\"https:\/\/tbmce.um.si\/sl\/\",\"name\":\"TBMCE 2026\",\"description\":\"Tehnologije in poslovni modeli za kro\u017eno gospodarstvo | Technologies and Business Models for Circular Economy\",\"publisher\":{\"@id\":\"https:\/\/tbmce.um.si\/sl\/#organization\"},\"potentialAction\":[{\"@type\":\"SearchAction\",\"target\":{\"@type\":\"EntryPoint\",\"urlTemplate\":\"https:\/\/tbmce.um.si\/sl\/?s={search_term_string}\"},\"query-input\":{\"@type\":\"PropertyValueSpecification\",\"valueRequired\":true,\"valueName\":\"search_term_string\"}}],\"inLanguage\":\"sl-SI\"},{\"@type\":\"Organization\",\"@id\":\"https:\/\/tbmce.um.si\/sl\/#organization\",\"name\":\"TBMCE 2026\",\"url\":\"https:\/\/tbmce.um.si\/sl\/\",\"logo\":{\"@type\":\"ImageObject\",\"inLanguage\":\"sl-SI\",\"@id\":\"https:\/\/tbmce.um.si\/sl\/#\/schema\/logo\/image\/\",\"url\":\"https:\/\/tbmce.um.si\/wp-content\/uploads\/2026\/02\/TBMCE_Color.svg\",\"contentUrl\":\"https:\/\/tbmce.um.si\/wp-content\/uploads\/2026\/02\/TBMCE_Color.svg\",\"width\":\"1024\",\"height\":\"1024\",\"caption\":\"TBMCE 2026\"},\"image\":{\"@id\":\"https:\/\/tbmce.um.si\/sl\/#\/schema\/logo\/image\/\"}}]}<\/script>\n<!-- \/ Yoast SEO plugin. -->","yoast_head_json":{"title":"Oddaja povzetkov - TBMCE 2026","robots":{"index":"noindex","follow":"nofollow"},"og_locale":"sl_SI","og_type":"article","og_title":"Oddaja povzetkov - TBMCE 2026","og_url":"https:\/\/tbmce.um.si\/sl\/abstract-submission\/","og_site_name":"TBMCE 2026","article_modified_time":"2026-02-26T09:13:01+00:00","twitter_card":"summary_large_image","twitter_misc":{"Est. reading time":"4 minute"},"schema":{"@context":"https:\/\/schema.org","@graph":[{"@type":"WebPage","@id":"https:\/\/tbmce.um.si\/sl\/abstract-submission\/","url":"https:\/\/tbmce.um.si\/sl\/abstract-submission\/","name":"Oddaja povzetkov - TBMCE 2026","isPartOf":{"@id":"https:\/\/tbmce.um.si\/sl\/#website"},"datePublished":"2023-03-29T07:11:27+00:00","dateModified":"2026-02-26T09:13:01+00:00","breadcrumb":{"@id":"https:\/\/tbmce.um.si\/sl\/abstract-submission\/#breadcrumb"},"inLanguage":"sl-SI","potentialAction":[{"@type":"ReadAction","target":["https:\/\/tbmce.um.si\/sl\/abstract-submission\/"]}]},{"@type":"BreadcrumbList","@id":"https:\/\/tbmce.um.si\/sl\/abstract-submission\/#breadcrumb","itemListElement":[{"@type":"ListItem","position":1,"name":"Home","item":"https:\/\/tbmce.um.si\/sl\/"},{"@type":"ListItem","position":2,"name":"Oddaja povzetkov"}]},{"@type":"WebSite","@id":"https:\/\/tbmce.um.si\/sl\/#website","url":"https:\/\/tbmce.um.si\/sl\/","name":"TBMCE 2026","description":"Tehnologije in poslovni modeli za kro\u017eno gospodarstvo | Technologies and Business Models for Circular Economy","publisher":{"@id":"https:\/\/tbmce.um.si\/sl\/#organization"},"potentialAction":[{"@type":"SearchAction","target":{"@type":"EntryPoint","urlTemplate":"https:\/\/tbmce.um.si\/sl\/?s={search_term_string}"},"query-input":{"@type":"PropertyValueSpecification","valueRequired":true,"valueName":"search_term_string"}}],"inLanguage":"sl-SI"},{"@type":"Organization","@id":"https:\/\/tbmce.um.si\/sl\/#organization","name":"TBMCE 2026","url":"https:\/\/tbmce.um.si\/sl\/","logo":{"@type":"ImageObject","inLanguage":"sl-SI","@id":"https:\/\/tbmce.um.si\/sl\/#\/schema\/logo\/image\/","url":"https:\/\/tbmce.um.si\/wp-content\/uploads\/2026\/02\/TBMCE_Color.svg","contentUrl":"https:\/\/tbmce.um.si\/wp-content\/uploads\/2026\/02\/TBMCE_Color.svg","width":"1024","height":"1024","caption":"TBMCE 2026"},"image":{"@id":"https:\/\/tbmce.um.si\/sl\/#\/schema\/logo\/image\/"}}]}},"_links":{"self":[{"href":"https:\/\/tbmce.um.si\/sl\/wp-json\/wp\/v2\/pages\/2235","targetHints":{"allow":["GET"]}}],"collection":[{"href":"https:\/\/tbmce.um.si\/sl\/wp-json\/wp\/v2\/pages"}],"about":[{"href":"https:\/\/tbmce.um.si\/sl\/wp-json\/wp\/v2\/types\/page"}],"author":[{"embeddable":true,"href":"https:\/\/tbmce.um.si\/sl\/wp-json\/wp\/v2\/users\/1"}],"replies":[{"embeddable":true,"href":"https:\/\/tbmce.um.si\/sl\/wp-json\/wp\/v2\/comments?post=2235"}],"version-history":[{"count":32,"href":"https:\/\/tbmce.um.si\/sl\/wp-json\/wp\/v2\/pages\/2235\/revisions"}],"predecessor-version":[{"id":3333,"href":"https:\/\/tbmce.um.si\/sl\/wp-json\/wp\/v2\/pages\/2235\/revisions\/3333"}],"wp:attachment":[{"href":"https:\/\/tbmce.um.si\/sl\/wp-json\/wp\/v2\/media?parent=2235"}],"curies":[{"name":"wp","href":"https:\/\/api.w.org\/{rel}","templated":true}]}}