{"id":2148,"date":"2023-03-05T21:14:57","date_gmt":"2023-03-05T21:14:57","guid":{"rendered":"https:\/\/tbmce.um.si\/venue\/"},"modified":"2026-02-08T18:01:16","modified_gmt":"2026-02-08T18:01:16","slug":"venue","status":"publish","type":"page","link":"https:\/\/tbmce.um.si\/sl\/venue\/","title":{"rendered":"Lokacija"},"content":{"rendered":"<p><div class=\"fusion-fullwidth fullwidth-box fusion-builder-row-1 fusion-flex-container has-pattern-background has-mask-background nonhundred-percent-fullwidth non-hundred-percent-height-scrolling\" style=\"--awb-border-radius-top-left:0px;--awb-border-radius-top-right:0px;--awb-border-radius-bottom-right:0px;--awb-border-radius-bottom-left:0px;\" ><div class=\"fusion-builder-row fusion-row fusion-flex-align-items-flex-start\" style=\"max-width:1248px;margin-left: calc(-4% \/ 2 );margin-right: calc(-4% \/ 2 );\"><div class=\"fusion-layout-column fusion_builder_column fusion-builder-column-0 fusion_builder_column_1_1 1_1 fusion-flex-column\" style=\"--awb-bg-size:cover;--awb-width-large:100%;--awb-margin-top-large:0px;--awb-spacing-right-large:1.92%;--awb-margin-bottom-large:20px;--awb-spacing-left-large:1.92%;--awb-width-medium:100%;--awb-order-medium:0;--awb-spacing-right-medium:1.92%;--awb-spacing-left-medium:1.92%;--awb-width-small:100%;--awb-order-small:0;--awb-spacing-right-small:1.92%;--awb-spacing-left-small:1.92%;\"><div class=\"fusion-column-wrapper fusion-column-has-shadow fusion-flex-justify-content-flex-start fusion-content-layout-column\"><div class=\"fusion-text fusion-text-1\" style=\"--awb-content-alignment:justify;\"><h2>Grand Hotel Bernardin<\/h2>\n<p><span class=\"fusion-dropcap dropcap\">E<\/span>legantni Grand Hotel Bernardin se nahaja na obali med zgodovinskima mestoma Portoro\u017e in Piran. Ima spa in wellness center s panoramskim razgledom na Jadran in notranji bazen z ogrevano slano vodo. Hotel ima razko\u0161no zasebno pla\u017eo. V vseh prostorih je na voljo brezpla\u010den brez\u017ei\u010dni internet.<\/p>\n<p>Vse sobe v Grand Hotelu Bernardin so klimatizirane in vklju\u010dujejo zasebni balkon s pogledom na Jadransko morje. Vklju\u010den je tudi prostor za sedenje s televizorjem z ravnim zaslonom, minibarom in sefom. V zasebnih kopalnicah so na voljo kad, su\u0161ilec za lase in brezpla\u010dni toaletni pripomo\u010dki.<\/p>\n<p>Na lokaciji sta dve gurmanski restavraciji, ki ponujata inovativno gastronomsko potovanje po Sloveniji in Sredozemlju. Hotelski kompleks vklju\u010duje tudi ve\u010d kavarn, piano bar, prostorno teraso in najve\u010dji kongresni center v Sloveniji.<\/p>\n<\/div><\/div><\/div><\/div><\/div><div class=\"fusion-fullwidth fullwidth-box fusion-builder-row-2 fusion-flex-container has-pattern-background has-mask-background nonhundred-percent-fullwidth non-hundred-percent-height-scrolling\" style=\"--awb-border-radius-top-left:0px;--awb-border-radius-top-right:0px;--awb-border-radius-bottom-right:0px;--awb-border-radius-bottom-left:0px;\" ><div class=\"fusion-builder-row fusion-row fusion-flex-align-items-flex-start\" style=\"max-width:1248px;margin-left: calc(-4% \/ 2 );margin-right: calc(-4% \/ 2 );\"><div class=\"fusion-layout-column fusion_builder_column fusion-builder-column-1 fusion_builder_column_1_1 1_1 fusion-flex-column\" style=\"--awb-bg-size:cover;--awb-width-large:100%;--awb-margin-top-large:0px;--awb-spacing-right-large:1.92%;--awb-margin-bottom-large:20px;--awb-spacing-left-large:1.92%;--awb-width-medium:100%;--awb-order-medium:0;--awb-spacing-right-medium:1.92%;--awb-spacing-left-medium:1.92%;--awb-width-small:100%;--awb-order-small:0;--awb-spacing-right-small:1.92%;--awb-spacing-left-small:1.92%;\"><div class=\"fusion-column-wrapper fusion-column-has-shadow fusion-flex-justify-content-flex-start fusion-content-layout-column\"><div class=\"fusion-separator fusion-full-width-sep\" style=\"align-self: center;margin-left: auto;margin-right: auto;width:100%;\"><div class=\"fusion-separator-border sep-double\" style=\"--awb-height:20px;--awb-amount:20px;border-color:var(--awb-color3);border-top-width:1px;border-bottom-width:1px;\"><\/div><\/div><\/div><\/div><\/div><\/div><div class=\"fusion-fullwidth fullwidth-box fusion-builder-row-3 fusion-flex-container has-pattern-background has-mask-background nonhundred-percent-fullwidth non-hundred-percent-height-scrolling\" style=\"--awb-border-radius-top-left:0px;--awb-border-radius-top-right:0px;--awb-border-radius-bottom-right:0px;--awb-border-radius-bottom-left:0px;\" ><div class=\"fusion-builder-row fusion-row fusion-flex-align-items-flex-start\" style=\"max-width:1248px;margin-left: calc(-4% \/ 2 );margin-right: calc(-4% \/ 2 );\"><div class=\"fusion-layout-column fusion_builder_column fusion-builder-column-2 fusion_builder_column_1_1 1_1 fusion-flex-column\" style=\"--awb-bg-size:cover;--awb-width-large:100%;--awb-margin-top-large:0px;--awb-spacing-right-large:1.92%;--awb-margin-bottom-large:20px;--awb-spacing-left-large:1.92%;--awb-width-medium:100%;--awb-order-medium:0;--awb-spacing-right-medium:1.92%;--awb-spacing-left-medium:1.92%;--awb-width-small:100%;--awb-order-small:0;--awb-spacing-right-small:1.92%;--awb-spacing-left-small:1.92%;\"><div class=\"fusion-column-wrapper fusion-column-has-shadow fusion-flex-justify-content-flex-start fusion-content-layout-column\"><div class=\"fusion-text fusion-text-2\"><h3>Naslov:<\/h3>\n<p>Ulica: Obala 2<br \/>\nPo\u0161tna \u0161t.: SI-6320<br \/>\nKraj: Portoro\u017e<\/p>\n<p><strong>Za rezervacijo sob kontaktirajte GH Bernardin po telefonu ali e-po\u0161ti:<\/strong><\/p>\n<p><i class=\"fb-icon-element-1 fb-icon-element fontawesome-icon fa-phone-alt fas circle-yes fusion-text-flow\" style=\"--awb-circlebordersize:1px;--awb-font-size:13.2px;--awb-width:26.4px;--awb-height:26.4px;--awb-line-height:24.4px;--awb-margin-right:7.5px;\"><\/i> +386 5 690 7000<\/p>\n<p><i class=\"fb-icon-element-2 fb-icon-element fontawesome-icon fa-envelope fas circle-yes fusion-text-flow\" style=\"--awb-circlebordersize:1px;--awb-font-size:13.2px;--awb-width:26.4px;--awb-height:26.4px;--awb-line-height:24.4px;--awb-margin-right:7.5px;\"><\/i><a href=\"mailto:booking@sava.si\">booking@sava.si<\/a><\/p>\n<\/div><\/div><\/div><\/div><\/div><div class=\"fusion-fullwidth fullwidth-box fusion-builder-row-4 fusion-flex-container has-pattern-background has-mask-background nonhundred-percent-fullwidth non-hundred-percent-height-scrolling\" style=\"--awb-border-radius-top-left:0px;--awb-border-radius-top-right:0px;--awb-border-radius-bottom-right:0px;--awb-border-radius-bottom-left:0px;\" ><div class=\"fusion-builder-row fusion-row fusion-flex-align-items-flex-start\" style=\"max-width:1248px;margin-left: calc(-4% \/ 2 );margin-right: calc(-4% \/ 2 );\"><div class=\"fusion-layout-column fusion_builder_column fusion-builder-column-3 fusion_builder_column_1_1 1_1 fusion-flex-column\" style=\"--awb-bg-size:cover;--awb-width-large:100%;--awb-margin-top-large:0px;--awb-spacing-right-large:1.92%;--awb-margin-bottom-large:20px;--awb-spacing-left-large:1.92%;--awb-width-medium:100%;--awb-order-medium:0;--awb-spacing-right-medium:1.92%;--awb-spacing-left-medium:1.92%;--awb-width-small:100%;--awb-order-small:0;--awb-spacing-right-small:1.92%;--awb-spacing-left-small:1.92%;\"><div class=\"fusion-column-wrapper fusion-column-has-shadow fusion-flex-justify-content-flex-start fusion-content-layout-column\"><div class=\"fusion-separator fusion-full-width-sep\" style=\"align-self: center;margin-left: auto;margin-right: auto;width:100%;\"><div class=\"fusion-separator-border sep-double\" style=\"--awb-height:20px;--awb-amount:20px;border-color:var(--awb-color3);border-top-width:1px;border-bottom-width:1px;\"><\/div><\/div><\/div><\/div><\/div><\/div><div class=\"fusion-fullwidth fullwidth-box fusion-builder-row-5 fusion-flex-container has-pattern-background has-mask-background nonhundred-percent-fullwidth non-hundred-percent-height-scrolling\" style=\"--awb-border-radius-top-left:0px;--awb-border-radius-top-right:0px;--awb-border-radius-bottom-right:0px;--awb-border-radius-bottom-left:0px;\" ><div class=\"fusion-builder-row fusion-row fusion-flex-align-items-flex-start\" style=\"max-width:1248px;margin-left: calc(-4% \/ 2 );margin-right: calc(-4% \/ 2 );\"><div class=\"fusion-layout-column fusion_builder_column fusion-builder-column-4 fusion_builder_column_1_1 1_1 fusion-flex-column\" style=\"--awb-bg-size:cover;--awb-width-large:100%;--awb-margin-top-large:0px;--awb-spacing-right-large:1.92%;--awb-margin-bottom-large:20px;--awb-spacing-left-large:1.92%;--awb-width-medium:100%;--awb-order-medium:0;--awb-spacing-right-medium:1.92%;--awb-spacing-left-medium:1.92%;--awb-width-small:100%;--awb-order-small:0;--awb-spacing-right-small:1.92%;--awb-spacing-left-small:1.92%;\"><div class=\"fusion-column-wrapper fusion-column-has-shadow fusion-flex-justify-content-flex-start fusion-content-layout-column\"><div class=\"awb-gallery-wrapper awb-gallery-wrapper-1 button-span-no\" style=\"--more-btn-alignment:center;\" data-limit=\"2\" data-page=\"1\"><div style=\"margin:-5px;--awb-bordersize:0px;\" class=\"fusion-gallery fusion-gallery-container fusion-grid-2 fusion-columns-total-5 fusion-gallery-layout-masonry fusion-gallery-1\"><div class=\"fusion-grid-column fusion-gallery-column fusion-gallery-column-2 hover-type-none fusion-grid-sizer\"><\/div><div style=\"padding:5px;\" class=\"fusion-grid-column fusion-gallery-column fusion-gallery-column-2 hover-type-none fusion-element-grid\"><div class=\"fusion-gallery-image\"><a href=\"https:\/\/tbmce.um.si\/wp-content\/uploads\/2023\/03\/GHB_1_small.jpg\" rel=\"noreferrer\" data-rel=\"iLightbox[gallery_image_1]\" class=\"fusion-lightbox\" target=\"_self\"><div style=\"background-image:url(https:\/\/tbmce.um.si\/wp-content\/uploads\/2023\/03\/GHB_1_small.jpg);padding-top:calc((100% + 10px) * 0.8 - 5px);background-position:;\" class=\"fusion-masonry-element-container\"><img decoding=\"async\" src=\"https:\/\/tbmce.um.si\/wp-content\/uploads\/2023\/03\/GHB_1_small.jpg\" width=\"1200\" height=\"800\" alt=\"\" title=\"GHB_1_small\" aria-label=\"GHB_1_small\" class=\"img-responsive wp-image-2129\" srcset=\"https:\/\/tbmce.um.si\/wp-content\/uploads\/2023\/03\/GHB_1_small-200x133.jpg 200w, https:\/\/tbmce.um.si\/wp-content\/uploads\/2023\/03\/GHB_1_small-400x267.jpg 400w, https:\/\/tbmce.um.si\/wp-content\/uploads\/2023\/03\/GHB_1_small-600x400.jpg 600w, https:\/\/tbmce.um.si\/wp-content\/uploads\/2023\/03\/GHB_1_small-800x533.jpg 800w, https:\/\/tbmce.um.si\/wp-content\/uploads\/2023\/03\/GHB_1_small.jpg 1200w\" sizes=\"(min-width: 2200px) 100vw, (min-width: 712px) 598px, (min-width: 640px) 712px, \" \/><\/div><\/a><\/div><\/div><div style=\"padding:5px;\" class=\"fusion-grid-column fusion-gallery-column fusion-gallery-column-2 hover-type-none fusion-element-grid\"><div class=\"fusion-gallery-image\"><a href=\"https:\/\/tbmce.um.si\/wp-content\/uploads\/2023\/03\/GHB_01.jpg\" rel=\"noreferrer\" data-rel=\"iLightbox[gallery_image_1]\" class=\"fusion-lightbox\" target=\"_self\"><div style=\"background-image:url(https:\/\/tbmce.um.si\/wp-content\/uploads\/2023\/03\/GHB_01.jpg);padding-top:calc((100% + 10px) * 0.8 - 5px);background-position:;\" class=\"fusion-masonry-element-container\"><img decoding=\"async\" src=\"https:\/\/tbmce.um.si\/wp-content\/uploads\/2023\/03\/GHB_01.jpg\" width=\"1969\" height=\"1350\" alt=\"\" title=\"GHB_01\" aria-label=\"GHB_01\" class=\"img-responsive wp-image-2121\" srcset=\"https:\/\/tbmce.um.si\/wp-content\/uploads\/2023\/03\/GHB_01-200x137.jpg 200w, https:\/\/tbmce.um.si\/wp-content\/uploads\/2023\/03\/GHB_01-400x274.jpg 400w, https:\/\/tbmce.um.si\/wp-content\/uploads\/2023\/03\/GHB_01-600x411.jpg 600w, https:\/\/tbmce.um.si\/wp-content\/uploads\/2023\/03\/GHB_01-800x549.jpg 800w, https:\/\/tbmce.um.si\/wp-content\/uploads\/2023\/03\/GHB_01-1200x823.jpg 1200w, https:\/\/tbmce.um.si\/wp-content\/uploads\/2023\/03\/GHB_01.jpg 1969w\" sizes=\"(min-width: 2200px) 100vw, (min-width: 712px) 598px, (min-width: 640px) 712px, \" \/><\/div><\/a><\/div><\/div><div style=\"padding:5px;\" class=\"fusion-grid-column fusion-gallery-column fusion-gallery-column-2 hover-type-none fusion-element-grid awb-gallery-item-hidden\"><div class=\"fusion-gallery-image\"><a href=\"https:\/\/tbmce.um.si\/wp-content\/uploads\/2023\/03\/GHB_03.jpg\" rel=\"noreferrer\" data-rel=\"iLightbox[gallery_image_1]\" class=\"fusion-lightbox\" target=\"_self\"><div style=\"background-image:url(https:\/\/tbmce.um.si\/wp-content\/uploads\/2023\/03\/GHB_03.jpg);padding-top:calc((100% + 10px) * 0.8 - 5px);background-position:;\" class=\"fusion-masonry-element-container\"><img decoding=\"async\" src=\"https:\/\/tbmce.um.si\/wp-content\/uploads\/2023\/03\/GHB_03.jpg\" width=\"1500\" height=\"1125\" alt=\"\" title=\"GHB_03\" aria-label=\"GHB_03\" class=\"img-responsive wp-image-2125\" srcset=\"https:\/\/tbmce.um.si\/wp-content\/uploads\/2023\/03\/GHB_03-200x150.jpg 200w, https:\/\/tbmce.um.si\/wp-content\/uploads\/2023\/03\/GHB_03-400x300.jpg 400w, https:\/\/tbmce.um.si\/wp-content\/uploads\/2023\/03\/GHB_03-600x450.jpg 600w, https:\/\/tbmce.um.si\/wp-content\/uploads\/2023\/03\/GHB_03-800x600.jpg 800w, https:\/\/tbmce.um.si\/wp-content\/uploads\/2023\/03\/GHB_03-1200x900.jpg 1200w, https:\/\/tbmce.um.si\/wp-content\/uploads\/2023\/03\/GHB_03.jpg 1500w\" sizes=\"(min-width: 2200px) 100vw, (min-width: 712px) 598px, (min-width: 640px) 712px, \" \/><\/div><\/a><\/div><\/div><div style=\"padding:5px;\" class=\"fusion-grid-column fusion-gallery-column fusion-gallery-column-2 hover-type-none fusion-element-landscape awb-gallery-item-hidden\"><div class=\"fusion-gallery-image\"><a href=\"https:\/\/tbmce.um.si\/wp-content\/uploads\/2023\/03\/GHB_11.jpg\" rel=\"noreferrer\" data-rel=\"iLightbox[gallery_image_1]\" class=\"fusion-lightbox\" target=\"_self\"><div style=\"background-image:url(https:\/\/tbmce.um.si\/wp-content\/uploads\/2023\/03\/GHB_11.jpg);padding-top:calc((100% + 10px) * 0.4 - 5px);background-position:;\" class=\"fusion-masonry-element-container\"><img decoding=\"async\" src=\"https:\/\/tbmce.um.si\/wp-content\/uploads\/2023\/03\/GHB_11.jpg\" width=\"1613\" height=\"1075\" alt=\"\" title=\"GHB_11\" aria-label=\"GHB_11\" class=\"img-responsive wp-image-2127\" srcset=\"https:\/\/tbmce.um.si\/wp-content\/uploads\/2023\/03\/GHB_11-200x133.jpg 200w, https:\/\/tbmce.um.si\/wp-content\/uploads\/2023\/03\/GHB_11-400x267.jpg 400w, https:\/\/tbmce.um.si\/wp-content\/uploads\/2023\/03\/GHB_11-600x400.jpg 600w, https:\/\/tbmce.um.si\/wp-content\/uploads\/2023\/03\/GHB_11-800x533.jpg 800w, https:\/\/tbmce.um.si\/wp-content\/uploads\/2023\/03\/GHB_11-1200x800.jpg 1200w, https:\/\/tbmce.um.si\/wp-content\/uploads\/2023\/03\/GHB_11.jpg 1613w\" sizes=\"(min-width: 2200px) 100vw, (min-width: 640px) 1200px, \" \/><\/div><\/a><\/div><\/div><div style=\"padding:5px;\" class=\"fusion-grid-column fusion-gallery-column fusion-gallery-column-2 hover-type-none fusion-element-grid awb-gallery-item-hidden\"><div class=\"fusion-gallery-image\"><a href=\"https:\/\/tbmce.um.si\/wp-content\/uploads\/2023\/03\/GHB_2.jpg\" rel=\"noreferrer\" data-rel=\"iLightbox[gallery_image_1]\" class=\"fusion-lightbox\" target=\"_self\"><div style=\"background-image:url(https:\/\/tbmce.um.si\/wp-content\/uploads\/2023\/03\/GHB_2.jpg);padding-top:calc((100% + 10px) * 0.8 - 5px);background-position:;\" class=\"fusion-masonry-element-container\"><img decoding=\"async\" src=\"https:\/\/tbmce.um.si\/wp-content\/uploads\/2023\/03\/GHB_2.jpg\" width=\"1329\" height=\"886\" alt=\"\" title=\"GHB_2\" aria-label=\"GHB_2\" class=\"img-responsive wp-image-2123\" srcset=\"https:\/\/tbmce.um.si\/wp-content\/uploads\/2023\/03\/GHB_2-200x133.jpg 200w, https:\/\/tbmce.um.si\/wp-content\/uploads\/2023\/03\/GHB_2-400x267.jpg 400w, https:\/\/tbmce.um.si\/wp-content\/uploads\/2023\/03\/GHB_2-600x400.jpg 600w, https:\/\/tbmce.um.si\/wp-content\/uploads\/2023\/03\/GHB_2-800x533.jpg 800w, https:\/\/tbmce.um.si\/wp-content\/uploads\/2023\/03\/GHB_2-1200x800.jpg 1200w, https:\/\/tbmce.um.si\/wp-content\/uploads\/2023\/03\/GHB_2.jpg 1329w\" sizes=\"(min-width: 2200px) 100vw, (min-width: 712px) 598px, (min-width: 640px) 712px, \" \/><\/div><\/a><\/div><\/div><\/div><div class=\"fusion-loading-container fusion-clearfix awb-gallery-posts-loading-container\">\n\t\t\t\t<div class=\"fusion-loading-spinner\">\n\t\t\t\t\t<div class=\"fusion-spinner-1\"><\/div>\n\t\t\t\t\t<div class=\"fusion-spinner-2\"><\/div>\n\t\t\t\t\t<div class=\"fusion-spinner-3\"><\/div>\n\t\t\t\t<\/div><div class=\"fusion-loading-msg\"><em>Loading the next set of gallery items...<\/em><\/div><\/div><div class=\"awb-gallery-buttons\"><a href=\"#\" class=\"fusion-button button-flat button-default fusion-button-default-size awb-gallery-load-more-btn\">Load More<\/a><\/div><\/div><\/div><\/div><\/div><\/div><div class=\"fusion-fullwidth fullwidth-box fusion-builder-row-6 fusion-flex-container has-pattern-background has-mask-background nonhundred-percent-fullwidth non-hundred-percent-height-scrolling\" style=\"--awb-border-radius-top-left:0px;--awb-border-radius-top-right:0px;--awb-border-radius-bottom-right:0px;--awb-border-radius-bottom-left:0px;\" ><div class=\"fusion-builder-row fusion-row fusion-flex-align-items-flex-start\" style=\"max-width:1248px;margin-left: calc(-4% \/ 2 );margin-right: calc(-4% \/ 2 );\"><div class=\"fusion-layout-column fusion_builder_column fusion-builder-column-5 fusion_builder_column_1_1 1_1 fusion-flex-column\" style=\"--awb-bg-size:cover;--awb-width-large:100%;--awb-margin-top-large:0px;--awb-spacing-right-large:1.92%;--awb-margin-bottom-large:20px;--awb-spacing-left-large:1.92%;--awb-width-medium:100%;--awb-order-medium:0;--awb-spacing-right-medium:1.92%;--awb-spacing-left-medium:1.92%;--awb-width-small:100%;--awb-order-small:0;--awb-spacing-right-small:1.92%;--awb-spacing-left-small:1.92%;\"><div class=\"fusion-column-wrapper fusion-column-has-shadow fusion-flex-justify-content-flex-start fusion-content-layout-column\"><\/div><\/div><\/div><\/div><\/p>\n","protected":false},"excerpt":{"rendered":"","protected":false},"author":1,"featured_media":0,"parent":0,"menu_order":0,"comment_status":"closed","ping_status":"closed","template":"","meta":{"_acf_changed":false,"inline_featured_image":false,"footnotes":""},"class_list":["post-2148","page","type-page","status-publish","hentry"],"acf":[],"yoast_head":"<!-- This site is optimized with the Yoast SEO plugin v26.9 - https:\/\/yoast.com\/product\/yoast-seo-wordpress\/ -->\n<title>Lokacija - TBMCE 2026<\/title>\n<meta name=\"robots\" content=\"index, follow, max-snippet:-1, max-image-preview:large, max-video-preview:-1\" \/>\n<link rel=\"canonical\" href=\"https:\/\/tbmce.um.si\/sl\/venue\/\" \/>\n<meta property=\"og:locale\" content=\"sl_SI\" \/>\n<meta property=\"og:type\" content=\"article\" \/>\n<meta property=\"og:title\" content=\"Lokacija - TBMCE 2026\" \/>\n<meta property=\"og:url\" content=\"https:\/\/tbmce.um.si\/sl\/venue\/\" \/>\n<meta property=\"og:site_name\" content=\"TBMCE 2026\" \/>\n<meta property=\"article:modified_time\" content=\"2026-02-08T18:01:16+00:00\" \/>\n<meta name=\"twitter:card\" content=\"summary_large_image\" \/>\n<meta name=\"twitter:label1\" content=\"Est. reading time\" \/>\n\t<meta name=\"twitter:data1\" content=\"9 minut\" \/>\n<script type=\"application\/ld+json\" class=\"yoast-schema-graph\">{\"@context\":\"https:\/\/schema.org\",\"@graph\":[{\"@type\":\"WebPage\",\"@id\":\"https:\/\/tbmce.um.si\/sl\/venue\/\",\"url\":\"https:\/\/tbmce.um.si\/sl\/venue\/\",\"name\":\"Lokacija - TBMCE 2026\",\"isPartOf\":{\"@id\":\"https:\/\/tbmce.um.si\/sl\/#website\"},\"datePublished\":\"2023-03-05T21:14:57+00:00\",\"dateModified\":\"2026-02-08T18:01:16+00:00\",\"breadcrumb\":{\"@id\":\"https:\/\/tbmce.um.si\/sl\/venue\/#breadcrumb\"},\"inLanguage\":\"sl-SI\",\"potentialAction\":[{\"@type\":\"ReadAction\",\"target\":[\"https:\/\/tbmce.um.si\/sl\/venue\/\"]}]},{\"@type\":\"BreadcrumbList\",\"@id\":\"https:\/\/tbmce.um.si\/sl\/venue\/#breadcrumb\",\"itemListElement\":[{\"@type\":\"ListItem\",\"position\":1,\"name\":\"Home\",\"item\":\"https:\/\/tbmce.um.si\/sl\/\"},{\"@type\":\"ListItem\",\"position\":2,\"name\":\"Lokacija\"}]},{\"@type\":\"WebSite\",\"@id\":\"https:\/\/tbmce.um.si\/sl\/#website\",\"url\":\"https:\/\/tbmce.um.si\/sl\/\",\"name\":\"TBMCE 2026\",\"description\":\"Tehnologije in poslovni modeli za kro\u017eno gospodarstvo | Technologies and Business Models for Circular Economy\",\"publisher\":{\"@id\":\"https:\/\/tbmce.um.si\/sl\/#organization\"},\"potentialAction\":[{\"@type\":\"SearchAction\",\"target\":{\"@type\":\"EntryPoint\",\"urlTemplate\":\"https:\/\/tbmce.um.si\/sl\/?s={search_term_string}\"},\"query-input\":{\"@type\":\"PropertyValueSpecification\",\"valueRequired\":true,\"valueName\":\"search_term_string\"}}],\"inLanguage\":\"sl-SI\"},{\"@type\":\"Organization\",\"@id\":\"https:\/\/tbmce.um.si\/sl\/#organization\",\"name\":\"TBMCE 2026\",\"url\":\"https:\/\/tbmce.um.si\/sl\/\",\"logo\":{\"@type\":\"ImageObject\",\"inLanguage\":\"sl-SI\",\"@id\":\"https:\/\/tbmce.um.si\/sl\/#\/schema\/logo\/image\/\",\"url\":\"https:\/\/tbmce.um.si\/wp-content\/uploads\/2026\/02\/TBMCE_Color.svg\",\"contentUrl\":\"https:\/\/tbmce.um.si\/wp-content\/uploads\/2026\/02\/TBMCE_Color.svg\",\"width\":\"1024\",\"height\":\"1024\",\"caption\":\"TBMCE 2026\"},\"image\":{\"@id\":\"https:\/\/tbmce.um.si\/sl\/#\/schema\/logo\/image\/\"}}]}<\/script>\n<!-- \/ Yoast SEO plugin. -->","yoast_head_json":{"title":"Lokacija - TBMCE 2026","robots":{"index":"index","follow":"follow","max-snippet":"max-snippet:-1","max-image-preview":"max-image-preview:large","max-video-preview":"max-video-preview:-1"},"canonical":"https:\/\/tbmce.um.si\/sl\/venue\/","og_locale":"sl_SI","og_type":"article","og_title":"Lokacija - TBMCE 2026","og_url":"https:\/\/tbmce.um.si\/sl\/venue\/","og_site_name":"TBMCE 2026","article_modified_time":"2026-02-08T18:01:16+00:00","twitter_card":"summary_large_image","twitter_misc":{"Est. reading time":"9 minut"},"schema":{"@context":"https:\/\/schema.org","@graph":[{"@type":"WebPage","@id":"https:\/\/tbmce.um.si\/sl\/venue\/","url":"https:\/\/tbmce.um.si\/sl\/venue\/","name":"Lokacija - TBMCE 2026","isPartOf":{"@id":"https:\/\/tbmce.um.si\/sl\/#website"},"datePublished":"2023-03-05T21:14:57+00:00","dateModified":"2026-02-08T18:01:16+00:00","breadcrumb":{"@id":"https:\/\/tbmce.um.si\/sl\/venue\/#breadcrumb"},"inLanguage":"sl-SI","potentialAction":[{"@type":"ReadAction","target":["https:\/\/tbmce.um.si\/sl\/venue\/"]}]},{"@type":"BreadcrumbList","@id":"https:\/\/tbmce.um.si\/sl\/venue\/#breadcrumb","itemListElement":[{"@type":"ListItem","position":1,"name":"Home","item":"https:\/\/tbmce.um.si\/sl\/"},{"@type":"ListItem","position":2,"name":"Lokacija"}]},{"@type":"WebSite","@id":"https:\/\/tbmce.um.si\/sl\/#website","url":"https:\/\/tbmce.um.si\/sl\/","name":"TBMCE 2026","description":"Tehnologije in poslovni modeli za kro\u017eno gospodarstvo | Technologies and Business Models for Circular Economy","publisher":{"@id":"https:\/\/tbmce.um.si\/sl\/#organization"},"potentialAction":[{"@type":"SearchAction","target":{"@type":"EntryPoint","urlTemplate":"https:\/\/tbmce.um.si\/sl\/?s={search_term_string}"},"query-input":{"@type":"PropertyValueSpecification","valueRequired":true,"valueName":"search_term_string"}}],"inLanguage":"sl-SI"},{"@type":"Organization","@id":"https:\/\/tbmce.um.si\/sl\/#organization","name":"TBMCE 2026","url":"https:\/\/tbmce.um.si\/sl\/","logo":{"@type":"ImageObject","inLanguage":"sl-SI","@id":"https:\/\/tbmce.um.si\/sl\/#\/schema\/logo\/image\/","url":"https:\/\/tbmce.um.si\/wp-content\/uploads\/2026\/02\/TBMCE_Color.svg","contentUrl":"https:\/\/tbmce.um.si\/wp-content\/uploads\/2026\/02\/TBMCE_Color.svg","width":"1024","height":"1024","caption":"TBMCE 2026"},"image":{"@id":"https:\/\/tbmce.um.si\/sl\/#\/schema\/logo\/image\/"}}]}},"_links":{"self":[{"href":"https:\/\/tbmce.um.si\/sl\/wp-json\/wp\/v2\/pages\/2148","targetHints":{"allow":["GET"]}}],"collection":[{"href":"https:\/\/tbmce.um.si\/sl\/wp-json\/wp\/v2\/pages"}],"about":[{"href":"https:\/\/tbmce.um.si\/sl\/wp-json\/wp\/v2\/types\/page"}],"author":[{"embeddable":true,"href":"https:\/\/tbmce.um.si\/sl\/wp-json\/wp\/v2\/users\/1"}],"replies":[{"embeddable":true,"href":"https:\/\/tbmce.um.si\/sl\/wp-json\/wp\/v2\/comments?post=2148"}],"version-history":[{"count":15,"href":"https:\/\/tbmce.um.si\/sl\/wp-json\/wp\/v2\/pages\/2148\/revisions"}],"predecessor-version":[{"id":3294,"href":"https:\/\/tbmce.um.si\/sl\/wp-json\/wp\/v2\/pages\/2148\/revisions\/3294"}],"wp:attachment":[{"href":"https:\/\/tbmce.um.si\/sl\/wp-json\/wp\/v2\/media?parent=2148"}],"curies":[{"name":"wp","href":"https:\/\/api.w.org\/{rel}","templated":true}]}}