{"id":1874,"date":"2023-03-05T15:21:30","date_gmt":"2023-03-05T15:21:30","guid":{"rendered":"https:\/\/tbmce.um.si\/dobrodosli\/"},"modified":"2026-03-26T12:19:16","modified_gmt":"2026-03-26T12:19:16","slug":"dobrodosli","status":"publish","type":"page","link":"https:\/\/tbmce.um.si\/sl\/","title":{"rendered":"Dobrodo\u0161li"},"content":{"rendered":"<p><div class=\"fusion-fullwidth fullwidth-box fusion-builder-row-1 fusion-flex-container has-pattern-background has-mask-background nonhundred-percent-fullwidth non-hundred-percent-height-scrolling\" style=\"--awb-border-radius-top-left:0px;--awb-border-radius-top-right:0px;--awb-border-radius-bottom-right:0px;--awb-border-radius-bottom-left:0px;--awb-margin-top:0px;\" ><div class=\"fusion-builder-row fusion-row fusion-flex-align-items-flex-start\" style=\"max-width:1248px;margin-left: calc(-4% \/ 2 );margin-right: calc(-4% \/ 2 );\"><div class=\"fusion-layout-column fusion_builder_column fusion-builder-column-0 fusion_builder_column_1_1 1_1 fusion-flex-column\" style=\"--awb-bg-size:cover;--awb-width-large:100%;--awb-margin-top-large:0px;--awb-spacing-right-large:1.92%;--awb-margin-bottom-large:20px;--awb-spacing-left-large:1.92%;--awb-width-medium:100%;--awb-order-medium:0;--awb-spacing-right-medium:1.92%;--awb-spacing-left-medium:1.92%;--awb-width-small:100%;--awb-order-small:0;--awb-spacing-right-small:1.92%;--awb-spacing-left-small:1.92%;\"><div class=\"fusion-column-wrapper fusion-column-has-shadow fusion-flex-justify-content-flex-start fusion-content-layout-column\"><div class=\"fusion-image-element \" style=\"--awb-caption-title-font-family:var(--h2_typography-font-family);--awb-caption-title-font-weight:var(--h2_typography-font-weight);--awb-caption-title-font-style:var(--h2_typography-font-style);--awb-caption-title-size:var(--h2_typography-font-size);--awb-caption-title-transform:var(--h2_typography-text-transform);--awb-caption-title-line-height:var(--h2_typography-line-height);--awb-caption-title-letter-spacing:var(--h2_typography-letter-spacing);\"><span class=\" fusion-imageframe imageframe-none imageframe-1 hover-type-none\" class=\"image-magnify\" class=\"image-scroll\"><img decoding=\"async\" width=\"1200\" height=\"720\" title=\"TBMCE2026_SI\" src=\"https:\/\/tbmce.um.si\/wp-content\/uploads\/2026\/02\/TBMCE2026_SI.png\" alt class=\"img-responsive wp-image-3249\" srcset=\"https:\/\/tbmce.um.si\/wp-content\/uploads\/2026\/02\/TBMCE2026_SI-200x120.png 200w, https:\/\/tbmce.um.si\/wp-content\/uploads\/2026\/02\/TBMCE2026_SI-400x240.png 400w, https:\/\/tbmce.um.si\/wp-content\/uploads\/2026\/02\/TBMCE2026_SI-600x360.png 600w, https:\/\/tbmce.um.si\/wp-content\/uploads\/2026\/02\/TBMCE2026_SI-800x480.png 800w, https:\/\/tbmce.um.si\/wp-content\/uploads\/2026\/02\/TBMCE2026_SI.png 1200w\" sizes=\"(max-width: 640px) 100vw, 1200px\" \/><\/span><\/div><\/div><\/div><\/div><\/div><div class=\"fusion-fullwidth fullwidth-box fusion-builder-row-2 fusion-flex-container has-pattern-background has-mask-background nonhundred-percent-fullwidth non-hundred-percent-height-scrolling\" style=\"--awb-border-radius-top-left:0px;--awb-border-radius-top-right:0px;--awb-border-radius-bottom-right:0px;--awb-border-radius-bottom-left:0px;\" ><div class=\"fusion-builder-row fusion-row fusion-flex-align-items-flex-start fusion-flex-justify-content-space-between\" style=\"max-width:1248px;margin-left: calc(-4% \/ 2 );margin-right: calc(-4% \/ 2 );\"><div class=\"fusion-layout-column fusion_builder_column fusion-builder-column-1 fusion_builder_column_3_4 3_4 fusion-flex-column\" style=\"--awb-bg-size:cover;--awb-width-large:75%;--awb-margin-top-large:0px;--awb-spacing-right-large:2.56%;--awb-margin-bottom-large:20px;--awb-spacing-left-large:2.56%;--awb-width-medium:75%;--awb-order-medium:0;--awb-spacing-right-medium:2.56%;--awb-spacing-left-medium:2.56%;--awb-width-small:100%;--awb-order-small:0;--awb-spacing-right-small:1.92%;--awb-spacing-left-small:1.92%;\"><div class=\"fusion-column-wrapper fusion-column-has-shadow fusion-flex-justify-content-flex-start fusion-content-layout-column\"><div class=\"fusion-text fusion-text-1\" style=\"--awb-content-alignment:justify;\"><h2 class=\"fusion-responsive-typography-calculated\" style=\"text-align: left; --fontsize: 48; line-height: 1.2;\" data-fontsize=\"48\" data-lineheight=\"57.6px\">Dobrodo\u0161li na TBMCE!<\/h2>\n<p><span data-contrast=\"auto\"><span class=\"fusion-dropcap dropcap\">Z<\/span>veseljem vam sporo\u010damo, da Fakulteta za kemijo in kemijsko tehnologijo Univerze v Mariboru v sodelovanju s SRIP \u2013 Kro\u017eno gospodarstvo, s katerim upravlja \u0160tajerska gospodarska zbornica, letos ponovno organizira mednarodno znanstvenoraziskovalno, strokovno in razvojno konferenco <strong>Tehnologije in poslovni modeli za kro\u017eno gospodarstvo \u2013 TBMCE 2026<\/strong>, ki bo potekala <strong>od 9. do 11. septembra v Grand hotelu Bernardin<\/strong>. <\/span><\/p>\n<blockquote>\n<p><strong>Rezervirajte si datum, povejte kolegom in se nam pridru\u017eite na TBMCE 2026!<\/strong><br \/>\n<strong>Veselimo se sre\u010danja z vami!<\/strong><\/p>\n<\/blockquote>\n<hr \/>\n<h3 class=\"fusion-responsive-typography-calculated\" style=\"text-align: left; --fontsize: 36; line-height: 1.2;\" data-fontsize=\"36\" data-lineheight=\"43.2px\">O konferenci<\/h3>\n<ul>\n<li><b><span data-contrast=\"auto\">Okoli 1<\/span><\/b><b><span data-contrast=\"auto\">5<\/span><\/b><b><span data-contrast=\"auto\">0 udele\u017eencev, \u0161tevilni govorci<\/span><\/b><br \/>\n<span data-contrast=\"auto\">Konferenca TBMCE bo \u017ee <\/span><span data-contrast=\"auto\">deveti\u010d<\/span><span data-contrast=\"auto\"> zapored zdru\u017eila predstavnike podjetij, raziskovalnih in izobra\u017eevalnih institucij, gospodarskih zdru\u017eenj ter dr\u017eavnih in nevladnih organizacij. <\/span><span data-contrast=\"auto\">Na konferenci boste imeli prilo\u017enost prisluhniti uglednim strokovnjakom iz Slovenije in tujine, spoznati ustvarjalna podjetja in klju\u010dne odlo\u010devalce. <\/span><\/li>\n<li><b><span data-contrast=\"auto\">Aktualne znanstvene in razvojne teme<\/span><\/b><br \/>\n<span data-contrast=\"auto\">Teme TBMCE bodo zajele aktualna vpra\u0161anja tehnolo\u0161kega razvoja in odgovornosti dru\u017ebe na njeni razvojni poti iz fosilnega v obnovljivo, iz linearnega v kro\u017eno. Razpravljali bomo o trendih, izmenjevali ideje, delili dobre prakse ter najnovej\u0161a spoznanja o <\/span><span data-contrast=\"auto\">konkretnih <\/span><span data-contrast=\"auto\">tehnologijah<\/span><span data-contrast=\"auto\">, <\/span><span data-contrast=\"auto\">poslovnih modelih<\/span><span data-contrast=\"auto\"> in uspe\u0161nih projektih, ki k temu v praksi \u017ee prispevajo<\/span><span data-contrast=\"auto\">.<\/span><\/li>\n<li><b><span data-contrast=\"auto\">Povezovanje s prihodnjimi partnerji<\/span><\/b><br \/>\n<span data-contrast=\"auto\">TBMCE je odli\u010dna prilo\u017enost za sre\u010danje \u010dlanov SRIP \u2013 Kro\u017eno gospodarstvo ter dru\u017eenje gospodarstvenikov, raziskovalcev, inovatorjev, razvojnikov in odlo\u010devalcev. Vzpostavljali bomo nova sodelovanja in povezave za prebojne projekte prihodnosti.<\/span><\/li>\n<\/ul>\n<hr \/>\n<p>Pripravljamo vsebinsko bogat program, ki bo vklju\u010deval plenarna predavanja, okroglo mizo in strokovne panelne razprave z uveljavljenimi govorci ter predstavitve znanstvenoraziskovalnih dose\u017ekov. Vljudno vas vabimo k sodelovanju in pripravi prispevka v sklopu tem konference.<\/p>\n<\/div><div class=\"fusion-text fusion-text-2\" style=\"--awb-content-alignment:justify;\"><h3 style=\"text-align: left;\"><span class=\"TextRun SCXW79477047 BCX0\" data-contrast=\"auto\"><span class=\"NormalTextRun SCXW79477047 BCX0\">Zakaj na TBMCE ne smete manjkati?\u00a0<\/span><\/span><\/h3>\n<\/div><div class=\"fusion-testimonials classic fusion-testimonials-1\" style=\"--awb-textcolor:var(--awb-color8);--awb-backgroundcolor:var(--awb-color2);\" data-random=\"0\" data-speed=\"4000\"><div class=\"reviews\"><div class=\"review active-testimonial no-avatar\"><blockquote><q class=\"fusion-clearfix\">\n<p><span class=\"TextRun SCXW74815679 BCX0\" lang=\"EN-US\" data-contrast=\"auto\">Obisk priporo\u010dam podjetjem, ki jih zanima, kaj je \u017ee danes mo\u017eno narediti iz odpadnih materialov. Izvemo o konkretnih raziskavah in pridobimo preverljive podatke, ki jih lahko uporabimo v nadaljnjih analizah.<\/span><\/p>\n<\/q><\/blockquote><div class=\"author\"><span class=\"company-name\"><strong>Mojca \u017dganec Metelko<\/strong>, <a href=\"https:\/\/knof.si\/\" target=\"_blank\" rel=\"noopener noreferrer\"><span>Zavod Knof<\/span><\/a><\/span><\/div><\/div><div class=\"review no-avatar\"><blockquote><q class=\"fusion-clearfix\">\n<p>Konferenca Tehnologije in poslovni modeli za kro\u017eno gospodarstvo je izjemnega pomena za razumevanje, kako lahko inovativne tehnologije na podro\u010dju kro\u017enega gospodarstva spro\u017eijo razvoj novih poslovnih modelov. Pri tranziciji iz linearnega v kro\u017eno gospodarstvo je ta povezava klju\u010dna.<\/p>\n<\/q><\/blockquote><div class=\"author\"><span class=\"company-name\"><strong>Bart Stegeman<\/strong>, <a href=\"https:\/\/www.climate-kic.org\/\" target=\"_blank\" rel=\"noopener noreferrer\"><span>Climate-KIC<\/span><\/a><\/span><\/div><\/div><\/div><div class=\"testimonial-pagination\" id=\"fusion-testimonials-1\"><a href=\"#\" aria-label=\"Testimonial Pagination\"  class=\"activeSlide\"><\/a><a href=\"#\" aria-label=\"Testimonial Pagination\" ><\/a><\/div><\/div><\/div><\/div><div class=\"fusion-layout-column fusion_builder_column fusion-builder-column-2 fusion_builder_column_1_5 1_5 fusion-flex-column\" style=\"--awb-bg-size:cover;--awb-width-large:20%;--awb-margin-top-large:120px;--awb-spacing-right-large:9.6%;--awb-margin-bottom-large:20px;--awb-spacing-left-large:9.6%;--awb-width-medium:20%;--awb-order-medium:0;--awb-spacing-right-medium:9.6%;--awb-spacing-left-medium:9.6%;--awb-width-small:100%;--awb-order-small:0;--awb-spacing-right-small:1.92%;--awb-spacing-left-small:1.92%;\"><div class=\"fusion-column-wrapper fusion-column-has-shadow fusion-flex-justify-content-flex-start fusion-content-layout-column\"><\/div><\/div><\/div><\/div><div class=\"fusion-fullwidth fullwidth-box fusion-builder-row-3 fusion-flex-container has-pattern-background has-mask-background nonhundred-percent-fullwidth non-hundred-percent-height-scrolling\" style=\"--awb-border-radius-top-left:0px;--awb-border-radius-top-right:0px;--awb-border-radius-bottom-right:0px;--awb-border-radius-bottom-left:0px;\" ><div class=\"fusion-builder-row fusion-row fusion-flex-align-items-flex-start fusion-flex-justify-content-space-between\" style=\"max-width:1248px;margin-left: calc(-4% \/ 2 );margin-right: calc(-4% \/ 2 );\"><div class=\"fusion-layout-column fusion_builder_column fusion-builder-column-3 fusion_builder_column_3_4 3_4 fusion-flex-column\" style=\"--awb-bg-size:cover;--awb-width-large:75%;--awb-margin-top-large:0px;--awb-spacing-right-large:2.56%;--awb-margin-bottom-large:20px;--awb-spacing-left-large:2.56%;--awb-width-medium:75%;--awb-order-medium:0;--awb-spacing-right-medium:2.56%;--awb-spacing-left-medium:2.56%;--awb-width-small:100%;--awb-order-small:0;--awb-spacing-right-small:1.92%;--awb-spacing-left-small:1.92%;\"><div class=\"fusion-column-wrapper fusion-column-has-shadow fusion-flex-justify-content-flex-start fusion-content-layout-column\"><div class=\"fusion-separator fusion-full-width-sep\" style=\"align-self: center;margin-left: auto;margin-right: auto;width:100%;\"><div class=\"fusion-separator-border sep-double\" style=\"--awb-height:20px;--awb-amount:20px;border-color:var(--awb-color3);border-top-width:1px;border-bottom-width:1px;\"><\/div><\/div><div class=\"fusion-image-element \" style=\"--awb-caption-title-font-family:var(--h2_typography-font-family);--awb-caption-title-font-weight:var(--h2_typography-font-weight);--awb-caption-title-font-style:var(--h2_typography-font-style);--awb-caption-title-size:var(--h2_typography-font-size);--awb-caption-title-transform:var(--h2_typography-text-transform);--awb-caption-title-line-height:var(--h2_typography-line-height);--awb-caption-title-letter-spacing:var(--h2_typography-letter-spacing);\"><span class=\" fusion-imageframe imageframe-none imageframe-10 hover-type-none\" class=\"image-magnify\" class=\"image-scroll\"><img decoding=\"async\" width=\"1196\" height=\"137\" title=\"TBMCE_2024_Ustanovitelji_SI\" src=\"https:\/\/tbmce.um.si\/wp-content\/uploads\/2024\/03\/TBMCE_2024_Ustanovitelji_SI.svg\" alt class=\"img-responsive wp-image-2735\"\/><\/span><\/div><div class=\"fusion-separator fusion-full-width-sep\" style=\"align-self: center;margin-left: auto;margin-right: auto;margin-top:70px;width:100%;\"><div class=\"fusion-separator-border sep-double\" style=\"--awb-height:20px;--awb-amount:20px;border-color:var(--awb-color3);border-top-width:1px;border-bottom-width:1px;\"><\/div><\/div><div class=\"fusion-text fusion-text-3\"><p style=\"text-align: center;\">Dogodek poteka pod pokroviteljstvom Ministrstva za gospodarstvo, turizem in \u0161port Republike Slovenije.<\/p>\n<\/div><div class=\"fusion-image-element \" style=\"text-align:center;--awb-margin-bottom:40px;--awb-max-width:400px;--awb-caption-title-font-family:var(--h2_typography-font-family);--awb-caption-title-font-weight:var(--h2_typography-font-weight);--awb-caption-title-font-style:var(--h2_typography-font-style);--awb-caption-title-size:var(--h2_typography-font-size);--awb-caption-title-transform:var(--h2_typography-text-transform);--awb-caption-title-line-height:var(--h2_typography-line-height);--awb-caption-title-letter-spacing:var(--h2_typography-letter-spacing);\"><span class=\" fusion-imageframe imageframe-none imageframe-11 hover-type-none\" class=\"image-magnify\" class=\"image-scroll\"><img decoding=\"async\" width=\"802\" height=\"140\" title=\"MGTS-slo\" src=\"https:\/\/tbmce.um.si\/wp-content\/uploads\/2023\/08\/MGTS-slo.png\" alt class=\"img-responsive wp-image-2618\" srcset=\"https:\/\/tbmce.um.si\/wp-content\/uploads\/2023\/08\/MGTS-slo-200x35.png 200w, https:\/\/tbmce.um.si\/wp-content\/uploads\/2023\/08\/MGTS-slo-400x70.png 400w, https:\/\/tbmce.um.si\/wp-content\/uploads\/2023\/08\/MGTS-slo-600x105.png 600w, https:\/\/tbmce.um.si\/wp-content\/uploads\/2023\/08\/MGTS-slo-800x140.png 800w, https:\/\/tbmce.um.si\/wp-content\/uploads\/2023\/08\/MGTS-slo.png 802w\" sizes=\"(max-width: 640px) 100vw, 802px\" \/><\/span><\/div><div class=\"fusion-separator fusion-full-width-sep\" style=\"align-self: center;margin-left: auto;margin-right: auto;margin-top:70px;width:100%;\"><div class=\"fusion-separator-border sep-double\" style=\"--awb-height:20px;--awb-amount:20px;border-color:var(--awb-color3);border-top-width:1px;border-bottom-width:1px;\"><\/div><\/div><div class=\"fusion-text fusion-text-4\" style=\"--awb-margin-top:40px;\"><h3 style=\"text-align: center;\">Partnerji<\/h3>\n<\/div><\/div><\/div><div class=\"fusion-layout-column fusion_builder_column fusion-builder-column-4 fusion_builder_column_1_5 1_5 fusion-flex-column\" style=\"--awb-bg-size:cover;--awb-width-large:20%;--awb-margin-top-large:0px;--awb-spacing-right-large:9.6%;--awb-margin-bottom-large:20px;--awb-spacing-left-large:9.6%;--awb-width-medium:20%;--awb-order-medium:0;--awb-spacing-right-medium:9.6%;--awb-spacing-left-medium:9.6%;--awb-width-small:100%;--awb-order-small:0;--awb-spacing-right-small:1.92%;--awb-spacing-left-small:1.92%;\"><div class=\"fusion-column-wrapper fusion-column-has-shadow fusion-flex-justify-content-flex-start fusion-content-layout-column\"><\/div><\/div><\/div><\/div><\/p>\n","protected":false},"excerpt":{"rendered":"","protected":false},"author":1,"featured_media":0,"parent":0,"menu_order":0,"comment_status":"closed","ping_status":"closed","template":"100-width.php","meta":{"_acf_changed":false,"inline_featured_image":false,"footnotes":""},"class_list":["post-1874","page","type-page","status-publish","hentry"],"acf":[],"yoast_head":"<!-- This site is optimized with the Yoast SEO plugin v26.9 - https:\/\/yoast.com\/product\/yoast-seo-wordpress\/ -->\n<title>Dobrodo\u0161li - TBMCE 2026<\/title>\n<meta name=\"description\" content=\"TBMCE 2026 | 9. mednarodna znanstvenoraziskovalna, strokovna in razvojna konferenca Tehnologije in poslovni modeli za kro\u017eno gospodarstvo | 9.-11. september 2026\" \/>\n<meta name=\"robots\" content=\"index, follow, max-snippet:-1, max-image-preview:large, max-video-preview:-1\" \/>\n<link rel=\"canonical\" href=\"https:\/\/tbmce.um.si\/sl\/\" \/>\n<meta property=\"og:locale\" content=\"sl_SI\" \/>\n<meta property=\"og:type\" content=\"article\" \/>\n<meta property=\"og:title\" content=\"Dobrodo\u0161li - TBMCE 2026\" \/>\n<meta property=\"og:description\" content=\"TBMCE 2026 | 9. mednarodna znanstvenoraziskovalna, strokovna in razvojna konferenca Tehnologije in poslovni modeli za kro\u017eno gospodarstvo | 9.-11. september 2026\" \/>\n<meta property=\"og:url\" content=\"https:\/\/tbmce.um.si\/sl\/\" \/>\n<meta property=\"og:site_name\" content=\"TBMCE 2026\" \/>\n<meta property=\"article:modified_time\" content=\"2026-03-26T12:19:16+00:00\" \/>\n<meta name=\"twitter:card\" content=\"summary_large_image\" \/>\n<meta name=\"twitter:label1\" content=\"Est. reading time\" \/>\n\t<meta name=\"twitter:data1\" content=\"15 minut\" \/>\n<script type=\"application\/ld+json\" class=\"yoast-schema-graph\">{\"@context\":\"https:\/\/schema.org\",\"@graph\":[{\"@type\":\"WebPage\",\"@id\":\"https:\/\/tbmce.um.si\/sl\/\",\"url\":\"https:\/\/tbmce.um.si\/sl\/\",\"name\":\"Dobrodo\u0161li - TBMCE 2026\",\"isPartOf\":{\"@id\":\"https:\/\/tbmce.um.si\/sl\/#website\"},\"datePublished\":\"2023-03-05T15:21:30+00:00\",\"dateModified\":\"2026-03-26T12:19:16+00:00\",\"description\":\"TBMCE 2026 | 9. mednarodna znanstvenoraziskovalna, strokovna in razvojna konferenca Tehnologije in poslovni modeli za kro\u017eno gospodarstvo | 9.-11. september 2026\",\"breadcrumb\":{\"@id\":\"https:\/\/tbmce.um.si\/sl\/#breadcrumb\"},\"inLanguage\":\"sl-SI\",\"potentialAction\":[{\"@type\":\"ReadAction\",\"target\":[\"https:\/\/tbmce.um.si\/sl\/\"]}]},{\"@type\":\"BreadcrumbList\",\"@id\":\"https:\/\/tbmce.um.si\/sl\/#breadcrumb\",\"itemListElement\":[{\"@type\":\"ListItem\",\"position\":1,\"name\":\"Home\",\"item\":\"https:\/\/tbmce.um.si\/sl\/\"},{\"@type\":\"ListItem\",\"position\":2,\"name\":\"Dobrodo\u0161li\"}]},{\"@type\":\"WebSite\",\"@id\":\"https:\/\/tbmce.um.si\/sl\/#website\",\"url\":\"https:\/\/tbmce.um.si\/sl\/\",\"name\":\"TBMCE 2026\",\"description\":\"Tehnologije in poslovni modeli za kro\u017eno gospodarstvo | Technologies and Business Models for Circular Economy\",\"publisher\":{\"@id\":\"https:\/\/tbmce.um.si\/sl\/#organization\"},\"potentialAction\":[{\"@type\":\"SearchAction\",\"target\":{\"@type\":\"EntryPoint\",\"urlTemplate\":\"https:\/\/tbmce.um.si\/sl\/?s={search_term_string}\"},\"query-input\":{\"@type\":\"PropertyValueSpecification\",\"valueRequired\":true,\"valueName\":\"search_term_string\"}}],\"inLanguage\":\"sl-SI\"},{\"@type\":\"Organization\",\"@id\":\"https:\/\/tbmce.um.si\/sl\/#organization\",\"name\":\"TBMCE 2026\",\"url\":\"https:\/\/tbmce.um.si\/sl\/\",\"logo\":{\"@type\":\"ImageObject\",\"inLanguage\":\"sl-SI\",\"@id\":\"https:\/\/tbmce.um.si\/sl\/#\/schema\/logo\/image\/\",\"url\":\"https:\/\/tbmce.um.si\/wp-content\/uploads\/2026\/02\/TBMCE_Color.svg\",\"contentUrl\":\"https:\/\/tbmce.um.si\/wp-content\/uploads\/2026\/02\/TBMCE_Color.svg\",\"width\":\"1024\",\"height\":\"1024\",\"caption\":\"TBMCE 2026\"},\"image\":{\"@id\":\"https:\/\/tbmce.um.si\/sl\/#\/schema\/logo\/image\/\"}}]}<\/script>\n<!-- \/ Yoast SEO plugin. -->","yoast_head_json":{"title":"Dobrodo\u0161li - TBMCE 2026","description":"TBMCE 2026 | 9. mednarodna znanstvenoraziskovalna, strokovna in razvojna konferenca Tehnologije in poslovni modeli za kro\u017eno gospodarstvo | 9.-11. september 2026","robots":{"index":"index","follow":"follow","max-snippet":"max-snippet:-1","max-image-preview":"max-image-preview:large","max-video-preview":"max-video-preview:-1"},"canonical":"https:\/\/tbmce.um.si\/sl\/","og_locale":"sl_SI","og_type":"article","og_title":"Dobrodo\u0161li - TBMCE 2026","og_description":"TBMCE 2026 | 9. mednarodna znanstvenoraziskovalna, strokovna in razvojna konferenca Tehnologije in poslovni modeli za kro\u017eno gospodarstvo | 9.-11. september 2026","og_url":"https:\/\/tbmce.um.si\/sl\/","og_site_name":"TBMCE 2026","article_modified_time":"2026-03-26T12:19:16+00:00","twitter_card":"summary_large_image","twitter_misc":{"Est. reading time":"15 minut"},"schema":{"@context":"https:\/\/schema.org","@graph":[{"@type":"WebPage","@id":"https:\/\/tbmce.um.si\/sl\/","url":"https:\/\/tbmce.um.si\/sl\/","name":"Dobrodo\u0161li - TBMCE 2026","isPartOf":{"@id":"https:\/\/tbmce.um.si\/sl\/#website"},"datePublished":"2023-03-05T15:21:30+00:00","dateModified":"2026-03-26T12:19:16+00:00","description":"TBMCE 2026 | 9. mednarodna znanstvenoraziskovalna, strokovna in razvojna konferenca Tehnologije in poslovni modeli za kro\u017eno gospodarstvo | 9.-11. september 2026","breadcrumb":{"@id":"https:\/\/tbmce.um.si\/sl\/#breadcrumb"},"inLanguage":"sl-SI","potentialAction":[{"@type":"ReadAction","target":["https:\/\/tbmce.um.si\/sl\/"]}]},{"@type":"BreadcrumbList","@id":"https:\/\/tbmce.um.si\/sl\/#breadcrumb","itemListElement":[{"@type":"ListItem","position":1,"name":"Home","item":"https:\/\/tbmce.um.si\/sl\/"},{"@type":"ListItem","position":2,"name":"Dobrodo\u0161li"}]},{"@type":"WebSite","@id":"https:\/\/tbmce.um.si\/sl\/#website","url":"https:\/\/tbmce.um.si\/sl\/","name":"TBMCE 2026","description":"Tehnologije in poslovni modeli za kro\u017eno gospodarstvo | Technologies and Business Models for Circular Economy","publisher":{"@id":"https:\/\/tbmce.um.si\/sl\/#organization"},"potentialAction":[{"@type":"SearchAction","target":{"@type":"EntryPoint","urlTemplate":"https:\/\/tbmce.um.si\/sl\/?s={search_term_string}"},"query-input":{"@type":"PropertyValueSpecification","valueRequired":true,"valueName":"search_term_string"}}],"inLanguage":"sl-SI"},{"@type":"Organization","@id":"https:\/\/tbmce.um.si\/sl\/#organization","name":"TBMCE 2026","url":"https:\/\/tbmce.um.si\/sl\/","logo":{"@type":"ImageObject","inLanguage":"sl-SI","@id":"https:\/\/tbmce.um.si\/sl\/#\/schema\/logo\/image\/","url":"https:\/\/tbmce.um.si\/wp-content\/uploads\/2026\/02\/TBMCE_Color.svg","contentUrl":"https:\/\/tbmce.um.si\/wp-content\/uploads\/2026\/02\/TBMCE_Color.svg","width":"1024","height":"1024","caption":"TBMCE 2026"},"image":{"@id":"https:\/\/tbmce.um.si\/sl\/#\/schema\/logo\/image\/"}}]}},"_links":{"self":[{"href":"https:\/\/tbmce.um.si\/sl\/wp-json\/wp\/v2\/pages\/1874","targetHints":{"allow":["GET"]}}],"collection":[{"href":"https:\/\/tbmce.um.si\/sl\/wp-json\/wp\/v2\/pages"}],"about":[{"href":"https:\/\/tbmce.um.si\/sl\/wp-json\/wp\/v2\/types\/page"}],"author":[{"embeddable":true,"href":"https:\/\/tbmce.um.si\/sl\/wp-json\/wp\/v2\/users\/1"}],"replies":[{"embeddable":true,"href":"https:\/\/tbmce.um.si\/sl\/wp-json\/wp\/v2\/comments?post=1874"}],"version-history":[{"count":266,"href":"https:\/\/tbmce.um.si\/sl\/wp-json\/wp\/v2\/pages\/1874\/revisions"}],"predecessor-version":[{"id":3350,"href":"https:\/\/tbmce.um.si\/sl\/wp-json\/wp\/v2\/pages\/1874\/revisions\/3350"}],"wp:attachment":[{"href":"https:\/\/tbmce.um.si\/sl\/wp-json\/wp\/v2\/media?parent=1874"}],"curies":[{"name":"wp","href":"https:\/\/api.w.org\/{rel}","templated":true}]}}